{"id":18,"date":"2024-04-02T19:48:49","date_gmt":"2024-04-02T17:48:49","guid":{"rendered":"https:\/\/huntrans-ungarisch.com\/?page_id=18"},"modified":"2024-04-09T21:37:14","modified_gmt":"2024-04-09T19:37:14","slug":"fooldal","status":"publish","type":"page","link":"https:\/\/huntrans-ungarisch.com\/de\/","title":{"rendered":"Home"},"content":{"rendered":"<div data-elementor-type=\"wp-page\" data-elementor-id=\"18\" class=\"elementor elementor-18\" data-elementor-post-type=\"page\">\n\t\t\t\t<div class=\"elementor-element elementor-element-566f26f e-flex e-con-boxed e-con e-parent\" data-id=\"566f26f\" data-element_type=\"container\" data-e-type=\"container\" data-settings=\"{&quot;background_background&quot;:&quot;classic&quot;}\">\n\t\t\t\t\t<div class=\"e-con-inner\">\n\t\t<div class=\"elementor-element elementor-element-568cbfe e-flex e-con-boxed e-con e-child\" data-id=\"568cbfe\" data-element_type=\"container\" data-e-type=\"container\">\n\t\t\t\t\t<div class=\"e-con-inner\">\n\t\t\t\t<div class=\"elementor-element elementor-element-9f6c3a6 elementor-widget elementor-widget-heading\" data-id=\"9f6c3a6\" data-element_type=\"widget\" data-e-type=\"widget\" data-widget_type=\"heading.default\">\n\t\t\t\t<div class=\"elementor-widget-container\">\n\t\t\t\t\t<h1 class=\"elementor-heading-title elementor-size-default\">Professionelle \u00dcbersetzungen<\/h1>\t\t\t\t<\/div>\n\t\t\t\t<\/div>\n\t\t\t\t<div class=\"elementor-element elementor-element-07ad533 elementor-widget elementor-widget-heading\" data-id=\"07ad533\" data-element_type=\"widget\" data-e-type=\"widget\" data-widget_type=\"heading.default\">\n\t\t\t\t<div class=\"elementor-widget-container\">\n\t\t\t\t\t<h3 class=\"elementor-heading-title elementor-size-default\">Unsere Philosophie<\/h3>\t\t\t\t<\/div>\n\t\t\t\t<\/div>\n\t\t\t\t<div class=\"elementor-element elementor-element-baa9c7a elementor-widget elementor-widget-text-editor\" data-id=\"baa9c7a\" data-element_type=\"widget\" data-e-type=\"widget\" data-widget_type=\"text-editor.default\">\n\t\t\t\t<div class=\"elementor-widget-container\">\n\t\t\t\t\t\t\t\t\t<p>Fachliche \u00dcbersetzungen sollten auch nur von\u00a0fachlichen \u00dcbersetzern\u00a0durchgef\u00fchrt werden,\u00a0d.h. von \u00dcbersetzern, welche eine Ausbildung\u00a0an der Universit\u00e4t mit Diplom abgeschlossen haben. Eine solche Ausbildung dauert mehrere Jahre, in dieser Zeit wird viel\u00a0Energie aufgewandt, um alle Pr\u00fcfungen zu absolvieren.<\/p>\t\t\t\t\t\t\t\t<\/div>\n\t\t\t\t<\/div>\n\t\t\t\t<div class=\"elementor-element elementor-element-803fb7d elementor-widget elementor-widget-button\" data-id=\"803fb7d\" data-element_type=\"widget\" data-e-type=\"widget\" data-widget_type=\"button.default\">\n\t\t\t\t<div class=\"elementor-widget-container\">\n\t\t\t\t\t\t\t\t\t<div class=\"elementor-button-wrapper\">\n\t\t\t\t\t<a class=\"elementor-button elementor-button-link elementor-size-sm\" href=\"https:\/\/huntrans-ungarisch.com\/de\/preise\/\">\n\t\t\t\t\t\t<span class=\"elementor-button-content-wrapper\">\n\t\t\t\t\t\t\t\t\t<span class=\"elementor-button-text\">Jetzt anfragen<\/span>\n\t\t\t\t\t<\/span>\n\t\t\t\t\t<\/a>\n\t\t\t\t<\/div>\n\t\t\t\t\t\t\t\t<\/div>\n\t\t\t\t<\/div>\n\t\t\t\t\t<\/div>\n\t\t\t\t<\/div>\n\t\t<div class=\"elementor-element elementor-element-84e87e5 e-flex e-con-boxed e-con e-child\" data-id=\"84e87e5\" data-element_type=\"container\" data-e-type=\"container\">\n\t\t\t\t\t<div class=\"e-con-inner\">\n\t\t\t\t\t<\/div>\n\t\t\t\t<\/div>\n\t\t\t\t\t<\/div>\n\t\t\t\t<\/div>\n\t\t<div class=\"elementor-element elementor-element-3654ed2 e-con-full e-flex e-con e-parent\" data-id=\"3654ed2\" data-element_type=\"container\" data-e-type=\"container\">\n\t\t\t\t<div class=\"elementor-element elementor-element-32a813b elementor-widget__width-inherit elementor-widget elementor-widget-spacer\" data-id=\"32a813b\" data-element_type=\"widget\" data-e-type=\"widget\" data-widget_type=\"spacer.default\">\n\t\t\t\t<div class=\"elementor-widget-container\">\n\t\t\t\t\t\t\t<div class=\"elementor-spacer\">\n\t\t\t<div class=\"elementor-spacer-inner\"><\/div>\n\t\t<\/div>\n\t\t\t\t\t\t<\/div>\n\t\t\t\t<\/div>\n\t\t\t\t<\/div>\n\t\t<div class=\"elementor-element elementor-element-b4182ed e-flex e-con-boxed e-con e-parent\" data-id=\"b4182ed\" data-element_type=\"container\" data-e-type=\"container\" data-settings=\"{&quot;background_background&quot;:&quot;classic&quot;}\">\n\t\t\t\t\t<div class=\"e-con-inner\">\n\t\t<div class=\"elementor-element elementor-element-fd89f6a e-flex e-con-boxed e-con e-child\" data-id=\"fd89f6a\" data-element_type=\"container\" data-e-type=\"container\">\n\t\t\t\t\t<div class=\"e-con-inner\">\n\t\t\t\t\t<\/div>\n\t\t\t\t<\/div>\n\t\t<div class=\"elementor-element elementor-element-ef9f062 e-flex e-con-boxed e-con e-child\" data-id=\"ef9f062\" data-element_type=\"container\" data-e-type=\"container\">\n\t\t\t\t\t<div class=\"e-con-inner\">\n\t\t\t\t<div class=\"elementor-element elementor-element-5247d09 elementor-widget elementor-widget-heading\" data-id=\"5247d09\" data-element_type=\"widget\" data-e-type=\"widget\" data-widget_type=\"heading.default\">\n\t\t\t\t<div class=\"elementor-widget-container\">\n\t\t\t\t\t<h2 class=\"elementor-heading-title elementor-size-default\">Unsere Spezialgebiete<\/h2>\t\t\t\t<\/div>\n\t\t\t\t<\/div>\n\t\t\t\t<div class=\"elementor-element elementor-element-c621ffb elementor-position-inline-start elementor-mobile-position-inline-end elementor-view-default elementor-widget elementor-widget-icon-box\" data-id=\"c621ffb\" data-element_type=\"widget\" data-e-type=\"widget\" data-widget_type=\"icon-box.default\">\n\t\t\t\t<div class=\"elementor-widget-container\">\n\t\t\t\t\t\t\t<div class=\"elementor-icon-box-wrapper\">\n\n\t\t\t\t\t\t<div class=\"elementor-icon-box-icon\">\n\t\t\t\t<span  class=\"elementor-icon\">\n\t\t\t\t<svg aria-hidden=\"true\" class=\"e-font-icon-svg e-fas-money-bill-alt\" viewbox=\"0 0 640 512\" xmlns=\"http:\/\/www.w3.org\/2000\/svg\"><path d=\"M352 288h-16v-88c0-4.42-3.58-8-8-8h-13.58c-4.74 0-9.37 1.4-13.31 4.03l-15.33 10.22a7.994 7.994 0 0 0-2.22 11.09l8.88 13.31a7.994 7.994 0 0 0 11.09 2.22l.47-.31V288h-16c-4.42 0-8 3.58-8 8v16c0 4.42 3.58 8 8 8h64c4.42 0 8-3.58 8-8v-16c0-4.42-3.58-8-8-8zM608 64H32C14.33 64 0 78.33 0 96v320c0 17.67 14.33 32 32 32h576c17.67 0 32-14.33 32-32V96c0-17.67-14.33-32-32-32zM48 400v-64c35.35 0 64 28.65 64 64H48zm0-224v-64h64c0 35.35-28.65 64-64 64zm272 192c-53.02 0-96-50.15-96-112 0-61.86 42.98-112 96-112s96 50.14 96 112c0 61.87-43 112-96 112zm272 32h-64c0-35.35 28.65-64 64-64v64zm0-224c-35.35 0-64-28.65-64-64h64v64z\"><\/path><\/svg>\t\t\t\t<\/span>\n\t\t\t<\/div>\n\t\t\t\n\t\t\t\t\t\t<div class=\"elementor-icon-box-content\">\n\n\t\t\t\t\t\t\t\t\t<h3 class=\"elementor-icon-box-title\">\n\t\t\t\t\t\t<span  >\n\t\t\t\t\t\t\tWirtschaft\t\t\t\t\t\t<\/span>\n\t\t\t\t\t<\/h3>\n\t\t\t\t\n\t\t\t\t\n\t\t\t<\/div>\n\t\t\t\n\t\t<\/div>\n\t\t\t\t\t\t<\/div>\n\t\t\t\t<\/div>\n\t\t\t\t<div class=\"elementor-element elementor-element-4f1b006 elementor-position-inline-start elementor-mobile-position-inline-end elementor-view-default elementor-widget elementor-widget-icon-box\" data-id=\"4f1b006\" data-element_type=\"widget\" data-e-type=\"widget\" data-widget_type=\"icon-box.default\">\n\t\t\t\t<div class=\"elementor-widget-container\">\n\t\t\t\t\t\t\t<div class=\"elementor-icon-box-wrapper\">\n\n\t\t\t\t\t\t<div class=\"elementor-icon-box-icon\">\n\t\t\t\t<span  class=\"elementor-icon\">\n\t\t\t\t<svg aria-hidden=\"true\" class=\"e-font-icon-svg e-fas-university\" viewbox=\"0 0 512 512\" xmlns=\"http:\/\/www.w3.org\/2000\/svg\"><path d=\"M496 128v16a8 8 0 0 1-8 8h-24v12c0 6.627-5.373 12-12 12H60c-6.627 0-12-5.373-12-12v-12H24a8 8 0 0 1-8-8v-16a8 8 0 0 1 4.941-7.392l232-88a7.996 7.996 0 0 1 6.118 0l232 88A8 8 0 0 1 496 128zm-24 304H40c-13.255 0-24 10.745-24 24v16a8 8 0 0 0 8 8h464a8 8 0 0 0 8-8v-16c0-13.255-10.745-24-24-24zM96 192v192H60c-6.627 0-12 5.373-12 12v20h416v-20c0-6.627-5.373-12-12-12h-36V192h-64v192h-64V192h-64v192h-64V192H96z\"><\/path><\/svg>\t\t\t\t<\/span>\n\t\t\t<\/div>\n\t\t\t\n\t\t\t\t\t\t<div class=\"elementor-icon-box-content\">\n\n\t\t\t\t\t\t\t\t\t<h3 class=\"elementor-icon-box-title\">\n\t\t\t\t\t\t<span  >\n\t\t\t\t\t\t\tRecht\t\t\t\t\t\t<\/span>\n\t\t\t\t\t<\/h3>\n\t\t\t\t\n\t\t\t\t\n\t\t\t<\/div>\n\t\t\t\n\t\t<\/div>\n\t\t\t\t\t\t<\/div>\n\t\t\t\t<\/div>\n\t\t\t\t<div class=\"elementor-element elementor-element-8bcaeaa elementor-position-inline-start elementor-mobile-position-inline-end elementor-view-default elementor-widget elementor-widget-icon-box\" data-id=\"8bcaeaa\" data-element_type=\"widget\" data-e-type=\"widget\" data-widget_type=\"icon-box.default\">\n\t\t\t\t<div class=\"elementor-widget-container\">\n\t\t\t\t\t\t\t<div class=\"elementor-icon-box-wrapper\">\n\n\t\t\t\t\t\t<div class=\"elementor-icon-box-icon\">\n\t\t\t\t<span  class=\"elementor-icon\">\n\t\t\t\t<svg aria-hidden=\"true\" class=\"e-font-icon-svg e-fas-clinic-medical\" viewbox=\"0 0 576 512\" xmlns=\"http:\/\/www.w3.org\/2000\/svg\"><path d=\"M288 115L69.47 307.71c-1.62 1.46-3.69 2.14-5.47 3.35V496a16 16 0 0 0 16 16h416a16 16 0 0 0 16-16V311.1c-1.7-1.16-3.72-1.82-5.26-3.2zm96 261a8 8 0 0 1-8 8h-56v56a8 8 0 0 1-8 8h-48a8 8 0 0 1-8-8v-56h-56a8 8 0 0 1-8-8v-48a8 8 0 0 1 8-8h56v-56a8 8 0 0 1 8-8h48a8 8 0 0 1 8 8v56h56a8 8 0 0 1 8 8zm186.69-139.72l-255.94-226a39.85 39.85 0 0 0-53.45 0l-256 226a16 16 0 0 0-1.21 22.6L25.5 282.7a16 16 0 0 0 22.6 1.21L277.42 81.63a16 16 0 0 1 21.17 0L527.91 283.9a16 16 0 0 0 22.6-1.21l21.4-23.82a16 16 0 0 0-1.22-22.59z\"><\/path><\/svg>\t\t\t\t<\/span>\n\t\t\t<\/div>\n\t\t\t\n\t\t\t\t\t\t<div class=\"elementor-icon-box-content\">\n\n\t\t\t\t\t\t\t\t\t<h3 class=\"elementor-icon-box-title\">\n\t\t\t\t\t\t<span  >\n\t\t\t\t\t\t\tMedizin\t\t\t\t\t\t<\/span>\n\t\t\t\t\t<\/h3>\n\t\t\t\t\n\t\t\t\t\n\t\t\t<\/div>\n\t\t\t\n\t\t<\/div>\n\t\t\t\t\t\t<\/div>\n\t\t\t\t<\/div>\n\t\t\t\t<div class=\"elementor-element elementor-element-8d5f3e5 elementor-position-inline-start elementor-mobile-position-inline-end elementor-view-default elementor-widget elementor-widget-icon-box\" data-id=\"8d5f3e5\" data-element_type=\"widget\" data-e-type=\"widget\" data-widget_type=\"icon-box.default\">\n\t\t\t\t<div class=\"elementor-widget-container\">\n\t\t\t\t\t\t\t<div class=\"elementor-icon-box-wrapper\">\n\n\t\t\t\t\t\t<div class=\"elementor-icon-box-icon\">\n\t\t\t\t<span  class=\"elementor-icon\">\n\t\t\t\t<svg aria-hidden=\"true\" class=\"e-font-icon-svg e-fas-music\" viewbox=\"0 0 512 512\" xmlns=\"http:\/\/www.w3.org\/2000\/svg\"><path d=\"M470.38 1.51L150.41 96A32 32 0 0 0 128 126.51v261.41A139 139 0 0 0 96 384c-53 0-96 28.66-96 64s43 64 96 64 96-28.66 96-64V214.32l256-75v184.61a138.4 138.4 0 0 0-32-3.93c-53 0-96 28.66-96 64s43 64 96 64 96-28.65 96-64V32a32 32 0 0 0-41.62-30.49z\"><\/path><\/svg>\t\t\t\t<\/span>\n\t\t\t<\/div>\n\t\t\t\n\t\t\t\t\t\t<div class=\"elementor-icon-box-content\">\n\n\t\t\t\t\t\t\t\t\t<h3 class=\"elementor-icon-box-title\">\n\t\t\t\t\t\t<span  >\n\t\t\t\t\t\t\tMusik\t\t\t\t\t\t<\/span>\n\t\t\t\t\t<\/h3>\n\t\t\t\t\n\t\t\t\t\n\t\t\t<\/div>\n\t\t\t\n\t\t<\/div>\n\t\t\t\t\t\t<\/div>\n\t\t\t\t<\/div>\n\t\t\t\t\t<\/div>\n\t\t\t\t<\/div>\n\t\t\t\t\t<\/div>\n\t\t\t\t<\/div>\n\t\t<div class=\"elementor-element elementor-element-22e19e8 e-con-full e-flex e-con e-parent\" data-id=\"22e19e8\" data-element_type=\"container\" data-e-type=\"container\">\n\t\t\t\t<div class=\"elementor-element elementor-element-0196a3a elementor-widget__width-inherit elementor-widget elementor-widget-spacer\" data-id=\"0196a3a\" data-element_type=\"widget\" data-e-type=\"widget\" data-widget_type=\"spacer.default\">\n\t\t\t\t<div class=\"elementor-widget-container\">\n\t\t\t\t\t\t\t<div class=\"elementor-spacer\">\n\t\t\t<div class=\"elementor-spacer-inner\"><\/div>\n\t\t<\/div>\n\t\t\t\t\t\t<\/div>\n\t\t\t\t<\/div>\n\t\t\t\t<\/div>\n\t\t\t\t<\/div>","protected":false},"excerpt":{"rendered":"<p>Professzion\u00e1lis ford\u00edt\u00e1s Filoz\u00f3fi\u00e1nk Szakford\u00edt\u00e1st kiz\u00e1r\u00f3lag egyetemet v\u00e9gzett, k\u00e9pes\u00edtett szakford\u00edt\u00f3ra szabad b\u00edzni. A szakford\u00edt\u00f3i szakk\u00e9pz\u00e9s t\u00f6bb \u00e9vig tart, \u00e9s a vizsg\u00e1k let\u00e9tele is rendk\u00edv\u00fcl energiaig\u00e9nyes. K\u00e9rjen aj\u00e1nlatot Szakter\u00fcleteink Gazdas\u00e1g Jog Orvosi anyagok Zene<\/p>","protected":false},"author":1,"featured_media":267,"parent":0,"menu_order":0,"comment_status":"closed","ping_status":"closed","template":"","meta":{"footnotes":""},"class_list":["post-18","page","type-page","status-publish","has-post-thumbnail","hentry"],"yoast_head":"<!-- This site is optimized with the Yoast SEO plugin v27.5 - https:\/\/yoast.com\/product\/yoast-seo-wordpress\/ -->\n<title>F\u0151oldal - Huntrans<\/title>\n<meta name=\"description\" content=\"Szakford\u00edt\u00e1st kiz\u00e1r\u00f3lag egyetemet v\u00e9gzett, k\u00e9pes\u00edtett szakford\u00edt\u00f3ra szabad b\u00edzni. A szakford\u00edt\u00f3i szakk\u00e9pz\u00e9s t\u00f6bb \u00e9vig tart, \u00e9s a vizsg\u00e1k let\u00e9tele is rendk\u00edv\u00fcl energiaig\u00e9nyes.\" \/>\n<meta name=\"robots\" content=\"index, follow, max-snippet:-1, max-image-preview:large, max-video-preview:-1\" \/>\n<link rel=\"canonical\" href=\"https:\/\/huntrans-ungarisch.com\/de\/\" \/>\n<meta property=\"og:locale\" content=\"de_DE\" \/>\n<meta property=\"og:type\" content=\"article\" \/>\n<meta property=\"og:title\" content=\"F\u0151oldal - Huntrans\" \/>\n<meta property=\"og:description\" content=\"Szakford\u00edt\u00e1st kiz\u00e1r\u00f3lag egyetemet v\u00e9gzett, k\u00e9pes\u00edtett szakford\u00edt\u00f3ra szabad b\u00edzni. A szakford\u00edt\u00f3i szakk\u00e9pz\u00e9s t\u00f6bb \u00e9vig tart, \u00e9s a vizsg\u00e1k let\u00e9tele is rendk\u00edv\u00fcl energiaig\u00e9nyes.\" \/>\n<meta property=\"og:url\" content=\"https:\/\/huntrans-ungarisch.com\/de\/\" \/>\n<meta property=\"og:site_name\" content=\"Huntrans\" \/>\n<meta property=\"article:modified_time\" content=\"2024-04-09T19:37:14+00:00\" \/>\n<meta property=\"og:image\" content=\"https:\/\/huntrans-ungarisch.com\/wp-content\/uploads\/2024\/04\/translate.jpg\" \/>\n\t<meta property=\"og:image:width\" content=\"1920\" \/>\n\t<meta property=\"og:image:height\" content=\"1080\" \/>\n\t<meta property=\"og:image:type\" content=\"image\/jpeg\" \/>\n<meta name=\"twitter:card\" content=\"summary_large_image\" \/>\n<meta name=\"twitter:label1\" content=\"Gesch\u00e4tzte Lesezeit\" \/>\n\t<meta name=\"twitter:data1\" content=\"1\u00a0Minute\" \/>\n<script type=\"application\/ld+json\" class=\"yoast-schema-graph\">{\"@context\":\"https:\\\/\\\/schema.org\",\"@graph\":[{\"@type\":\"WebPage\",\"@id\":\"https:\\\/\\\/huntrans-ungarisch.com\\\/\",\"url\":\"https:\\\/\\\/huntrans-ungarisch.com\\\/\",\"name\":\"F\u0151oldal - Huntrans\",\"isPartOf\":{\"@id\":\"https:\\\/\\\/huntrans-ungarisch.com\\\/#website\"},\"primaryImageOfPage\":{\"@id\":\"https:\\\/\\\/huntrans-ungarisch.com\\\/#primaryimage\"},\"image\":{\"@id\":\"https:\\\/\\\/huntrans-ungarisch.com\\\/#primaryimage\"},\"thumbnailUrl\":\"https:\\\/\\\/huntrans-ungarisch.com\\\/wp-content\\\/uploads\\\/2024\\\/04\\\/translate.jpg\",\"datePublished\":\"2024-04-02T17:48:49+00:00\",\"dateModified\":\"2024-04-09T19:37:14+00:00\",\"description\":\"Szakford\u00edt\u00e1st kiz\u00e1r\u00f3lag egyetemet v\u00e9gzett, k\u00e9pes\u00edtett szakford\u00edt\u00f3ra szabad b\u00edzni. A szakford\u00edt\u00f3i szakk\u00e9pz\u00e9s t\u00f6bb \u00e9vig tart, \u00e9s a vizsg\u00e1k let\u00e9tele is rendk\u00edv\u00fcl energiaig\u00e9nyes.\",\"breadcrumb\":{\"@id\":\"https:\\\/\\\/huntrans-ungarisch.com\\\/#breadcrumb\"},\"inLanguage\":\"de\",\"potentialAction\":[{\"@type\":\"ReadAction\",\"target\":[\"https:\\\/\\\/huntrans-ungarisch.com\\\/\"]}]},{\"@type\":\"ImageObject\",\"inLanguage\":\"de\",\"@id\":\"https:\\\/\\\/huntrans-ungarisch.com\\\/#primaryimage\",\"url\":\"https:\\\/\\\/huntrans-ungarisch.com\\\/wp-content\\\/uploads\\\/2024\\\/04\\\/translate.jpg\",\"contentUrl\":\"https:\\\/\\\/huntrans-ungarisch.com\\\/wp-content\\\/uploads\\\/2024\\\/04\\\/translate.jpg\",\"width\":1920,\"height\":1080,\"caption\":\"translate\"},{\"@type\":\"BreadcrumbList\",\"@id\":\"https:\\\/\\\/huntrans-ungarisch.com\\\/#breadcrumb\",\"itemListElement\":[{\"@type\":\"ListItem\",\"position\":1,\"name\":\"Kezd\u0151lap\",\"item\":\"https:\\\/\\\/huntrans-ungarisch.com\\\/\"},{\"@type\":\"ListItem\",\"position\":2,\"name\":\"F\u0151oldal\"}]},{\"@type\":\"WebSite\",\"@id\":\"https:\\\/\\\/huntrans-ungarisch.com\\\/#website\",\"url\":\"https:\\\/\\\/huntrans-ungarisch.com\\\/\",\"name\":\"Huntrans\",\"description\":\"Sprachenservice Ungarisch - Deutsch \\\/ magyar - n\u00e9met - magyar ford\u00edt\u00f3-tolm\u00e1cs\",\"publisher\":{\"@id\":\"https:\\\/\\\/huntrans-ungarisch.com\\\/#organization\"},\"potentialAction\":[{\"@type\":\"SearchAction\",\"target\":{\"@type\":\"EntryPoint\",\"urlTemplate\":\"https:\\\/\\\/huntrans-ungarisch.com\\\/?s={search_term_string}\"},\"query-input\":{\"@type\":\"PropertyValueSpecification\",\"valueRequired\":true,\"valueName\":\"search_term_string\"}}],\"inLanguage\":\"de\"},{\"@type\":\"Organization\",\"@id\":\"https:\\\/\\\/huntrans-ungarisch.com\\\/#organization\",\"name\":\"Huntrans Sprachservice\",\"url\":\"https:\\\/\\\/huntrans-ungarisch.com\\\/\",\"logo\":{\"@type\":\"ImageObject\",\"inLanguage\":\"de\",\"@id\":\"https:\\\/\\\/huntrans-ungarisch.com\\\/#\\\/schema\\\/logo\\\/image\\\/\",\"url\":\"https:\\\/\\\/huntrans-ungarisch.com\\\/wp-content\\\/uploads\\\/2024\\\/04\\\/Huntrans-logo.jpg\",\"contentUrl\":\"https:\\\/\\\/huntrans-ungarisch.com\\\/wp-content\\\/uploads\\\/2024\\\/04\\\/Huntrans-logo.jpg\",\"width\":414,\"height\":414,\"caption\":\"Huntrans Sprachservice\"},\"image\":{\"@id\":\"https:\\\/\\\/huntrans-ungarisch.com\\\/#\\\/schema\\\/logo\\\/image\\\/\"}}]}<\/script>\n<!-- \/ Yoast SEO plugin. -->","yoast_head_json":{"title":"F\u0151oldal - Huntrans","description":"Fachliche \u00dcbersetzungen sollten auch nur von\u00a0fachlichen \u00dcbersetzern\u00a0durchgef\u00fchrt werden,\u00a0d.h. von \u00dcbersetzern, welche eine Ausbildung\u00a0an der Universit\u00e4t mit Diplom abgeschlossen haben. Eine solche Ausbildung dauert mehrere Jahre, in dieser Zeit wird viel\u00a0Energie aufgewandt, um alle Pr\u00fcfungen zu absolvieren.","robots":{"index":"index","follow":"follow","max-snippet":"max-snippet:-1","max-image-preview":"max-image-preview:large","max-video-preview":"max-video-preview:-1"},"canonical":"https:\/\/huntrans-ungarisch.com\/de\/","og_locale":"de_DE","og_type":"article","og_title":"F\u0151oldal - Huntrans","og_description":"Szakford\u00edt\u00e1st kiz\u00e1r\u00f3lag egyetemet v\u00e9gzett, k\u00e9pes\u00edtett szakford\u00edt\u00f3ra szabad b\u00edzni. A szakford\u00edt\u00f3i szakk\u00e9pz\u00e9s t\u00f6bb \u00e9vig tart, \u00e9s a vizsg\u00e1k let\u00e9tele is rendk\u00edv\u00fcl energiaig\u00e9nyes.","og_url":"https:\/\/huntrans-ungarisch.com\/de\/","og_site_name":"Huntrans","article_modified_time":"2024-04-09T19:37:14+00:00","og_image":[{"width":1920,"height":1080,"url":"https:\/\/huntrans-ungarisch.com\/wp-content\/uploads\/2024\/04\/translate.jpg","type":"image\/jpeg"}],"twitter_card":"summary_large_image","twitter_misc":{"Gesch\u00e4tzte Lesezeit":"1\u00a0Minute"},"schema":{"@context":"https:\/\/schema.org","@graph":[{"@type":"WebPage","@id":"https:\/\/huntrans-ungarisch.com\/","url":"https:\/\/huntrans-ungarisch.com\/","name":"F\u0151oldal - Huntrans","isPartOf":{"@id":"https:\/\/huntrans-ungarisch.com\/#website"},"primaryImageOfPage":{"@id":"https:\/\/huntrans-ungarisch.com\/#primaryimage"},"image":{"@id":"https:\/\/huntrans-ungarisch.com\/#primaryimage"},"thumbnailUrl":"https:\/\/huntrans-ungarisch.com\/wp-content\/uploads\/2024\/04\/translate.jpg","datePublished":"2024-04-02T17:48:49+00:00","dateModified":"2024-04-09T19:37:14+00:00","description":"Fachliche \u00dcbersetzungen sollten auch nur von\u00a0fachlichen \u00dcbersetzern\u00a0durchgef\u00fchrt werden,\u00a0d.h. von \u00dcbersetzern, welche eine Ausbildung\u00a0an der Universit\u00e4t mit Diplom abgeschlossen haben. Eine solche Ausbildung dauert mehrere Jahre, in dieser Zeit wird viel\u00a0Energie aufgewandt, um alle Pr\u00fcfungen zu absolvieren.","breadcrumb":{"@id":"https:\/\/huntrans-ungarisch.com\/#breadcrumb"},"inLanguage":"de","potentialAction":[{"@type":"ReadAction","target":["https:\/\/huntrans-ungarisch.com\/"]}]},{"@type":"ImageObject","inLanguage":"de","@id":"https:\/\/huntrans-ungarisch.com\/#primaryimage","url":"https:\/\/huntrans-ungarisch.com\/wp-content\/uploads\/2024\/04\/translate.jpg","contentUrl":"https:\/\/huntrans-ungarisch.com\/wp-content\/uploads\/2024\/04\/translate.jpg","width":1920,"height":1080,"caption":"translate"},{"@type":"BreadcrumbList","@id":"https:\/\/huntrans-ungarisch.com\/#breadcrumb","itemListElement":[{"@type":"ListItem","position":1,"name":"Kezd\u0151lap","item":"https:\/\/huntrans-ungarisch.com\/"},{"@type":"ListItem","position":2,"name":"F\u0151oldal"}]},{"@type":"WebSite","@id":"https:\/\/huntrans-ungarisch.com\/#website","url":"https:\/\/huntrans-ungarisch.com\/","name":"Huntrans","description":"Sprachenservice Ungarisch - Deutsch \/ magyar - n\u00e9met - magyar ford\u00edt\u00f3-tolm\u00e1cs","publisher":{"@id":"https:\/\/huntrans-ungarisch.com\/#organization"},"potentialAction":[{"@type":"SearchAction","target":{"@type":"EntryPoint","urlTemplate":"https:\/\/huntrans-ungarisch.com\/?s={search_term_string}"},"query-input":{"@type":"PropertyValueSpecification","valueRequired":true,"valueName":"search_term_string"}}],"inLanguage":"de"},{"@type":"Organization","@id":"https:\/\/huntrans-ungarisch.com\/#organization","name":"Huntrans Sprachservice","url":"https:\/\/huntrans-ungarisch.com\/","logo":{"@type":"ImageObject","inLanguage":"de","@id":"https:\/\/huntrans-ungarisch.com\/#\/schema\/logo\/image\/","url":"https:\/\/huntrans-ungarisch.com\/wp-content\/uploads\/2024\/04\/Huntrans-logo.jpg","contentUrl":"https:\/\/huntrans-ungarisch.com\/wp-content\/uploads\/2024\/04\/Huntrans-logo.jpg","width":414,"height":414,"caption":"Huntrans Sprachservice"},"image":{"@id":"https:\/\/huntrans-ungarisch.com\/#\/schema\/logo\/image\/"}}]}},"_links":{"self":[{"href":"https:\/\/huntrans-ungarisch.com\/de\/wp-json\/wp\/v2\/pages\/18","targetHints":{"allow":["GET"]}}],"collection":[{"href":"https:\/\/huntrans-ungarisch.com\/de\/wp-json\/wp\/v2\/pages"}],"about":[{"href":"https:\/\/huntrans-ungarisch.com\/de\/wp-json\/wp\/v2\/types\/page"}],"author":[{"embeddable":true,"href":"https:\/\/huntrans-ungarisch.com\/de\/wp-json\/wp\/v2\/users\/1"}],"replies":[{"embeddable":true,"href":"https:\/\/huntrans-ungarisch.com\/de\/wp-json\/wp\/v2\/comments?post=18"}],"version-history":[{"count":0,"href":"https:\/\/huntrans-ungarisch.com\/de\/wp-json\/wp\/v2\/pages\/18\/revisions"}],"wp:featuredmedia":[{"embeddable":true,"href":"https:\/\/huntrans-ungarisch.com\/de\/wp-json\/wp\/v2\/media\/267"}],"wp:attachment":[{"href":"https:\/\/huntrans-ungarisch.com\/de\/wp-json\/wp\/v2\/media?parent=18"}],"curies":[{"name":"wp","href":"https:\/\/api.w.org\/{rel}","templated":true}]}}