{"id":277,"date":"2024-04-04T14:04:40","date_gmt":"2024-04-04T12:04:40","guid":{"rendered":"https:\/\/huntrans-ungarisch.com\/?page_id=277"},"modified":"2024-04-10T15:51:04","modified_gmt":"2024-04-10T13:51:04","slug":"leistungen","status":"publish","type":"page","link":"https:\/\/huntrans-ungarisch.com\/de\/szolgaltatasaink\/","title":{"rendered":"Leistungen"},"content":{"rendered":"<div data-elementor-type=\"wp-page\" data-elementor-id=\"277\" class=\"elementor elementor-277\" data-elementor-post-type=\"page\">\n\t\t\t\t<div class=\"elementor-element elementor-element-12c24c8 e-flex e-con-boxed e-con e-parent\" data-id=\"12c24c8\" data-element_type=\"container\" data-e-type=\"container\">\n\t\t\t\t\t<div class=\"e-con-inner\">\n\t\t\t\t<div class=\"elementor-element elementor-element-01d545e elementor-widget elementor-widget-heading\" data-id=\"01d545e\" data-element_type=\"widget\" data-e-type=\"widget\" data-widget_type=\"heading.default\">\n\t\t\t\t<div class=\"elementor-widget-container\">\n\t\t\t\t\t<h1 class=\"elementor-heading-title elementor-size-default\">Wir \u00fcbersetzen f\u00fcr Sie oder Ihr Unternehmen<\/h1>\t\t\t\t<\/div>\n\t\t\t\t<\/div>\n\t\t<div class=\"elementor-element elementor-element-4d9ff7c e-flex e-con-boxed e-con e-child\" data-id=\"4d9ff7c\" data-element_type=\"container\" data-e-type=\"container\">\n\t\t\t\t\t<div class=\"e-con-inner\">\n\t\t<div class=\"elementor-element elementor-element-56e33bb e-flex e-con-boxed e-con e-child\" data-id=\"56e33bb\" data-element_type=\"container\" data-e-type=\"container\">\n\t\t\t\t\t<div class=\"e-con-inner\">\n\t\t\t\t<div class=\"elementor-element elementor-element-ef8f3e6 elementor-widget elementor-widget-text-editor\" data-id=\"ef8f3e6\" data-element_type=\"widget\" data-e-type=\"widget\" data-widget_type=\"text-editor.default\">\n\t\t\t\t<div class=\"elementor-widget-container\">\n\t\t\t\t\t\t\t\t\t<p class=\"translation-block\">\u2022 Vertr\u00e4ge<br>\u2022 Jahresabschl\u00fcsse,\u00a0Bilanzen<br>    \u2022 Gesch\u00e4fts- und private Korrespondenz<br>\u2022 Webseiten, Werbematerial\u00a0<br>\u2022 Gerichtliche Unterlagen, Polizeiprotokolle<br>\u2022 Sozialversicherungs- und Rentenunterlagen<br>\u2022 Medizinische Befunde und Gutachten<br>\u2022 Musikgeschichtliche Studien, CD-Begleittexte<\/p>\t\t\t\t\t\t\t\t<\/div>\n\t\t\t\t<\/div>\n\t\t\t\t\t<\/div>\n\t\t\t\t<\/div>\n\t\t<div class=\"elementor-element elementor-element-e0789ad e-flex e-con-boxed e-con e-child\" data-id=\"e0789ad\" data-element_type=\"container\" data-e-type=\"container\">\n\t\t\t\t\t<div class=\"e-con-inner\">\n\t\t\t\t<div class=\"elementor-element elementor-element-4d50904 elementor-widget elementor-widget-image\" data-id=\"4d50904\" data-element_type=\"widget\" data-e-type=\"widget\" data-widget_type=\"image.default\">\n\t\t\t\t<div class=\"elementor-widget-container\">\n\t\t\t\t\t\t\t\t\t\t\t\t\t\t\t<img fetchpriority=\"high\" decoding=\"async\" width=\"800\" height=\"534\" src=\"https:\/\/huntrans-ungarisch.com\/wp-content\/uploads\/2024\/04\/Szakforditas.jpg\" class=\"attachment-large size-large wp-image-388\" alt=\"Szakford\u00edt\u00e1s\" srcset=\"https:\/\/huntrans-ungarisch.com\/wp-content\/uploads\/2024\/04\/Szakforditas.jpg 1024w, https:\/\/huntrans-ungarisch.com\/wp-content\/uploads\/2024\/04\/Szakforditas-700x467.jpg 700w, https:\/\/huntrans-ungarisch.com\/wp-content\/uploads\/2024\/04\/Szakforditas-768x512.jpg 768w, https:\/\/huntrans-ungarisch.com\/wp-content\/uploads\/2024\/04\/Szakforditas-18x12.jpg 18w\" sizes=\"(max-width: 800px) 100vw, 800px\" \/>\t\t\t\t\t\t\t\t\t\t\t\t\t\t\t<\/div>\n\t\t\t\t<\/div>\n\t\t\t\t\t<\/div>\n\t\t\t\t<\/div>\n\t\t\t\t\t<\/div>\n\t\t\t\t<\/div>\n\t\t\t\t\t<\/div>\n\t\t\t\t<\/div>\n\t\t<div class=\"elementor-element elementor-element-6c9dba3 e-con-full e-flex e-con e-parent\" data-id=\"6c9dba3\" data-element_type=\"container\" data-e-type=\"container\">\n\t\t\t\t<div class=\"elementor-element elementor-element-126b656 elementor-widget__width-inherit elementor-widget elementor-widget-spacer\" data-id=\"126b656\" data-element_type=\"widget\" data-e-type=\"widget\" data-widget_type=\"spacer.default\">\n\t\t\t\t<div class=\"elementor-widget-container\">\n\t\t\t\t\t\t\t<div class=\"elementor-spacer\">\n\t\t\t<div class=\"elementor-spacer-inner\"><\/div>\n\t\t<\/div>\n\t\t\t\t\t\t<\/div>\n\t\t\t\t<\/div>\n\t\t\t\t<\/div>\n\t\t<div class=\"elementor-element elementor-element-6cf1d11 e-flex e-con-boxed e-con e-parent\" data-id=\"6cf1d11\" data-element_type=\"container\" data-e-type=\"container\" data-settings=\"{&quot;background_background&quot;:&quot;classic&quot;}\">\n\t\t\t\t\t<div class=\"e-con-inner\">\n\t\t<div class=\"elementor-element elementor-element-17c3c22 e-flex e-con-boxed e-con e-child\" data-id=\"17c3c22\" data-element_type=\"container\" data-e-type=\"container\">\n\t\t\t\t\t<div class=\"e-con-inner\">\n\t\t<div class=\"elementor-element elementor-element-880249e e-flex e-con-boxed e-con e-child\" data-id=\"880249e\" data-element_type=\"container\" data-e-type=\"container\">\n\t\t\t\t\t<div class=\"e-con-inner\">\n\t\t\t\t<div class=\"elementor-element elementor-element-2534d60 elementor-widget elementor-widget-heading\" data-id=\"2534d60\" data-element_type=\"widget\" data-e-type=\"widget\" data-widget_type=\"heading.default\">\n\t\t\t\t<div class=\"elementor-widget-container\">\n\t\t\t\t\t<h2 class=\"elementor-heading-title elementor-size-default\">\u00dcbersetzungen mit Beglaubigung<\/h2>\t\t\t\t<\/div>\n\t\t\t\t<\/div>\n\t\t\t\t<div class=\"elementor-element elementor-element-1a796ae elementor-widget elementor-widget-text-editor\" data-id=\"1a796ae\" data-element_type=\"widget\" data-e-type=\"widget\" data-widget_type=\"text-editor.default\">\n\t\t\t\t<div class=\"elementor-widget-container\">\n\t\t\t\t\t\t\t\t\t<p class=\"translation-block\">\u2022 Personenstandsurkunden (Geburts-, Heiratsurkunden) <br>\u2022 Scheidungsurteile <br>\u2022 Schulzeugnisse, Arbeitszeugnisse <br>\u2022 Handelsregisterausz\u00fcge, Eintr\u00e4ge ins Gesellschaftsregister (GB)<\/p>\t\t\t\t\t\t\t\t<\/div>\n\t\t\t\t<\/div>\n\t\t\t\t\t<\/div>\n\t\t\t\t<\/div>\n\t\t<div class=\"elementor-element elementor-element-a37483d e-flex e-con-boxed e-con e-child\" data-id=\"a37483d\" data-element_type=\"container\" data-e-type=\"container\">\n\t\t\t\t\t<div class=\"e-con-inner\">\n\t\t\t\t<div class=\"elementor-element elementor-element-d54556d elementor-widget elementor-widget-image\" data-id=\"d54556d\" data-element_type=\"widget\" data-e-type=\"widget\" data-widget_type=\"image.default\">\n\t\t\t\t<div class=\"elementor-widget-container\">\n\t\t\t\t\t\t\t\t\t\t\t\t\t\t\t<img decoding=\"async\" width=\"800\" height=\"534\" data-src=\"https:\/\/huntrans-ungarisch.com\/wp-content\/uploads\/2024\/04\/Szakforditas-3.jpg\" class=\"attachment-large size-large wp-image-390 lazyload\" alt=\"Szakford\u00edt\u00e1s 3\" data-srcset=\"https:\/\/huntrans-ungarisch.com\/wp-content\/uploads\/2024\/04\/Szakforditas-3.jpg 1024w, https:\/\/huntrans-ungarisch.com\/wp-content\/uploads\/2024\/04\/Szakforditas-3-700x467.jpg 700w, https:\/\/huntrans-ungarisch.com\/wp-content\/uploads\/2024\/04\/Szakforditas-3-768x512.jpg 768w, https:\/\/huntrans-ungarisch.com\/wp-content\/uploads\/2024\/04\/Szakforditas-3-18x12.jpg 18w\" data-sizes=\"(max-width: 800px) 100vw, 800px\" src=\"data:image\/svg+xml;base64,PHN2ZyB3aWR0aD0iMSIgaGVpZ2h0PSIxIiB4bWxucz0iaHR0cDovL3d3dy53My5vcmcvMjAwMC9zdmciPjwvc3ZnPg==\" style=\"--smush-placeholder-width: 800px; --smush-placeholder-aspect-ratio: 800\/534;\" \/>\t\t\t\t\t\t\t\t\t\t\t\t\t\t\t<\/div>\n\t\t\t\t<\/div>\n\t\t\t\t\t<\/div>\n\t\t\t\t<\/div>\n\t\t\t\t\t<\/div>\n\t\t\t\t<\/div>\n\t\t\t\t<div class=\"elementor-element elementor-element-3957644 elementor-widget elementor-widget-heading\" data-id=\"3957644\" data-element_type=\"widget\" data-e-type=\"widget\" data-widget_type=\"heading.default\">\n\t\t\t\t<div class=\"elementor-widget-container\">\n\t\t\t\t\t<h3 class=\"elementor-heading-title elementor-size-default\">UNGARISCH - DEUTSCH \/ DEUTSCH - UNGARISCH und weitere Fremdsprachen<\/h3>\t\t\t\t<\/div>\n\t\t\t\t<\/div>\n\t\t\t\t\t<\/div>\n\t\t\t\t<\/div>\n\t\t<div class=\"elementor-element elementor-element-3ef887f e-con-full e-flex e-con e-parent\" data-id=\"3ef887f\" data-element_type=\"container\" data-e-type=\"container\">\n\t\t\t\t<div class=\"elementor-element elementor-element-5171e37 elementor-widget__width-inherit elementor-widget elementor-widget-spacer\" data-id=\"5171e37\" data-element_type=\"widget\" data-e-type=\"widget\" data-widget_type=\"spacer.default\">\n\t\t\t\t<div class=\"elementor-widget-container\">\n\t\t\t\t\t\t\t<div class=\"elementor-spacer\">\n\t\t\t<div class=\"elementor-spacer-inner\"><\/div>\n\t\t<\/div>\n\t\t\t\t\t\t<\/div>\n\t\t\t\t<\/div>\n\t\t\t\t<\/div>\n\t\t\t\t<\/div>","protected":false},"excerpt":{"rendered":"<p>Ford\u00edt\u00e1si szolg\u00e1ltat\u00e1saink \u2022 Szerz\u0151d\u00e9sek\u2022 \u00c9ves besz\u00e1mol\u00f3k, m\u00e9rlegek\u2022 \u00dczleti \u00e9s mag\u00e1nlevelez\u00e9s, \u2022 Weblapok, rekl\u00e1manyagok\u00a0\u00a0\u2022 B\u00edr\u00f3s\u00e1gi iratok, rend\u0151rs\u00e9gi jegyz\u0151k\u00f6nyvek\u2022 T\u00e1rsadalombiztos\u00edt\u00e1si \u00e9s nyugd\u00edjiratok\u2022 Orvosi leletek \u00e9s szakv\u00e9lem\u00e9nyek\u2022 Zenet\u00f6rt\u00e9neti tanulm\u00e1nyok, hanglemez-kis\u00e9r\u0151anyagok Hiteles ford\u00edt\u00e1sok \u2022 Anyak\u00f6nyvi okiratok (Sz\u00fclet\u00e9si \/ h\u00e1zass\u00e1gi ( halotti bizony\u00edtv\u00e1nyok) \u2022 V\u00e1l\u00f3peri it\u00e9letek\u2022 Iskolai \/ \u00e9retts\u00e9gi bizony\u00edtv\u00e1nyok \u2022 C\u00e9gkivonatok, c\u00e9gb\u00edros\u00e1gi bejegyz\u00e9sek MAGYAR &#8211; N\u00c9MET \/ N\u00c9MET \u2013 [&hellip;]<\/p>\n","protected":false},"author":1,"featured_media":0,"parent":0,"menu_order":0,"comment_status":"closed","ping_status":"closed","template":"","meta":{"footnotes":""},"class_list":["post-277","page","type-page","status-publish","hentry"],"yoast_head":"<!-- This site is optimized with the Yoast SEO plugin v27.5 - https:\/\/yoast.com\/product\/yoast-seo-wordpress\/ -->\n<title>Szolg\u00e1ltat\u00e1saink - Huntrans<\/title>\n<meta name=\"description\" content=\"\u2022 Szerz\u0151d\u00e9sek \u2022 \u00c9ves besz\u00e1mol\u00f3k, m\u00e9rlegek \u2022 Haszn\u00e1lati utas\u00edt\u00e1sok, k\u00e9zik\u00f6nyvek \u2022 \u00dczleti \u00e9s mag\u00e1nlevelez\u00e9s, \u2022 Weblapok, rekl\u00e1manyagok\u00a0\u00a0\u2022 B\u00edr\u00f3s\u00e1gi iratok, rend\u0151rs\u00e9gi jegyz\u0151k\u00f6nyvek \u2022 T\u00e1rsadalombiztos\u00edt\u00e1si \u00e9s nyugd\u00edjiratok \u2022 Orvosi leletek \u00e9s szakv\u00e9lem\u00e9nyek \u2022 Zenet\u00f6rt\u00e9neti tanulm\u00e1nyok, hanglemez-kis\u00e9r\u0151anyagok\" \/>\n<meta name=\"robots\" content=\"index, follow, max-snippet:-1, max-image-preview:large, max-video-preview:-1\" \/>\n<link rel=\"canonical\" href=\"https:\/\/huntrans-ungarisch.com\/de\/leistungen\/\" \/>\n<meta property=\"og:locale\" content=\"de_DE\" \/>\n<meta property=\"og:type\" content=\"article\" \/>\n<meta property=\"og:title\" content=\"Szolg\u00e1ltat\u00e1saink - Huntrans\" \/>\n<meta property=\"og:description\" content=\"\u2022 Szerz\u0151d\u00e9sek \u2022 \u00c9ves besz\u00e1mol\u00f3k, m\u00e9rlegek \u2022 Haszn\u00e1lati utas\u00edt\u00e1sok, k\u00e9zik\u00f6nyvek \u2022 \u00dczleti \u00e9s mag\u00e1nlevelez\u00e9s, \u2022 Weblapok, rekl\u00e1manyagok\u00a0\u00a0\u2022 B\u00edr\u00f3s\u00e1gi iratok, rend\u0151rs\u00e9gi jegyz\u0151k\u00f6nyvek \u2022 T\u00e1rsadalombiztos\u00edt\u00e1si \u00e9s nyugd\u00edjiratok \u2022 Orvosi leletek \u00e9s szakv\u00e9lem\u00e9nyek \u2022 Zenet\u00f6rt\u00e9neti tanulm\u00e1nyok, hanglemez-kis\u00e9r\u0151anyagok\" \/>\n<meta property=\"og:url\" content=\"https:\/\/huntrans-ungarisch.com\/de\/leistungen\/\" \/>\n<meta property=\"og:site_name\" content=\"Huntrans\" \/>\n<meta property=\"article:modified_time\" content=\"2024-04-10T13:51:04+00:00\" \/>\n<meta property=\"og:image\" content=\"https:\/\/huntrans-ungarisch.com\/wp-content\/uploads\/2024\/04\/Szakforditas.jpg\" \/>\n<meta name=\"twitter:card\" content=\"summary_large_image\" \/>\n<meta name=\"twitter:label1\" content=\"Gesch\u00e4tzte Lesezeit\" \/>\n\t<meta name=\"twitter:data1\" content=\"1\u00a0Minute\" \/>\n<script type=\"application\/ld+json\" class=\"yoast-schema-graph\">{\"@context\":\"https:\\\/\\\/schema.org\",\"@graph\":[{\"@type\":\"WebPage\",\"@id\":\"https:\\\/\\\/huntrans-ungarisch.com\\\/szolgaltatasaink\\\/\",\"url\":\"https:\\\/\\\/huntrans-ungarisch.com\\\/szolgaltatasaink\\\/\",\"name\":\"Szolg\u00e1ltat\u00e1saink - Huntrans\",\"isPartOf\":{\"@id\":\"https:\\\/\\\/huntrans-ungarisch.com\\\/#website\"},\"primaryImageOfPage\":{\"@id\":\"https:\\\/\\\/huntrans-ungarisch.com\\\/szolgaltatasaink\\\/#primaryimage\"},\"image\":{\"@id\":\"https:\\\/\\\/huntrans-ungarisch.com\\\/szolgaltatasaink\\\/#primaryimage\"},\"thumbnailUrl\":\"https:\\\/\\\/huntrans-ungarisch.com\\\/wp-content\\\/uploads\\\/2024\\\/04\\\/Szakforditas.jpg\",\"datePublished\":\"2024-04-04T12:04:40+00:00\",\"dateModified\":\"2024-04-10T13:51:04+00:00\",\"description\":\"\u2022 Szerz\u0151d\u00e9sek \u2022 \u00c9ves besz\u00e1mol\u00f3k, m\u00e9rlegek \u2022 Haszn\u00e1lati utas\u00edt\u00e1sok, k\u00e9zik\u00f6nyvek \u2022 \u00dczleti \u00e9s mag\u00e1nlevelez\u00e9s, \u2022 Weblapok, rekl\u00e1manyagok\u00a0\u00a0\u2022 B\u00edr\u00f3s\u00e1gi iratok, rend\u0151rs\u00e9gi jegyz\u0151k\u00f6nyvek \u2022 T\u00e1rsadalombiztos\u00edt\u00e1si \u00e9s nyugd\u00edjiratok \u2022 Orvosi leletek \u00e9s szakv\u00e9lem\u00e9nyek \u2022 Zenet\u00f6rt\u00e9neti tanulm\u00e1nyok, hanglemez-kis\u00e9r\u0151anyagok\",\"breadcrumb\":{\"@id\":\"https:\\\/\\\/huntrans-ungarisch.com\\\/szolgaltatasaink\\\/#breadcrumb\"},\"inLanguage\":\"de\",\"potentialAction\":[{\"@type\":\"ReadAction\",\"target\":[\"https:\\\/\\\/huntrans-ungarisch.com\\\/szolgaltatasaink\\\/\"]}]},{\"@type\":\"ImageObject\",\"inLanguage\":\"de\",\"@id\":\"https:\\\/\\\/huntrans-ungarisch.com\\\/szolgaltatasaink\\\/#primaryimage\",\"url\":\"https:\\\/\\\/huntrans-ungarisch.com\\\/wp-content\\\/uploads\\\/2024\\\/04\\\/Szakforditas.jpg\",\"contentUrl\":\"https:\\\/\\\/huntrans-ungarisch.com\\\/wp-content\\\/uploads\\\/2024\\\/04\\\/Szakforditas.jpg\"},{\"@type\":\"BreadcrumbList\",\"@id\":\"https:\\\/\\\/huntrans-ungarisch.com\\\/szolgaltatasaink\\\/#breadcrumb\",\"itemListElement\":[{\"@type\":\"ListItem\",\"position\":1,\"name\":\"Kezd\u0151lap\",\"item\":\"https:\\\/\\\/huntrans-ungarisch.com\\\/\"},{\"@type\":\"ListItem\",\"position\":2,\"name\":\"Szolg\u00e1ltat\u00e1saink\"}]},{\"@type\":\"WebSite\",\"@id\":\"https:\\\/\\\/huntrans-ungarisch.com\\\/#website\",\"url\":\"https:\\\/\\\/huntrans-ungarisch.com\\\/\",\"name\":\"Huntrans\",\"description\":\"Sprachenservice Ungarisch - Deutsch \\\/ magyar - n\u00e9met - magyar ford\u00edt\u00f3-tolm\u00e1cs\",\"publisher\":{\"@id\":\"https:\\\/\\\/huntrans-ungarisch.com\\\/#organization\"},\"potentialAction\":[{\"@type\":\"SearchAction\",\"target\":{\"@type\":\"EntryPoint\",\"urlTemplate\":\"https:\\\/\\\/huntrans-ungarisch.com\\\/?s={search_term_string}\"},\"query-input\":{\"@type\":\"PropertyValueSpecification\",\"valueRequired\":true,\"valueName\":\"search_term_string\"}}],\"inLanguage\":\"de\"},{\"@type\":\"Organization\",\"@id\":\"https:\\\/\\\/huntrans-ungarisch.com\\\/#organization\",\"name\":\"Huntrans Sprachservice\",\"url\":\"https:\\\/\\\/huntrans-ungarisch.com\\\/\",\"logo\":{\"@type\":\"ImageObject\",\"inLanguage\":\"de\",\"@id\":\"https:\\\/\\\/huntrans-ungarisch.com\\\/#\\\/schema\\\/logo\\\/image\\\/\",\"url\":\"https:\\\/\\\/huntrans-ungarisch.com\\\/wp-content\\\/uploads\\\/2024\\\/04\\\/Huntrans-logo.jpg\",\"contentUrl\":\"https:\\\/\\\/huntrans-ungarisch.com\\\/wp-content\\\/uploads\\\/2024\\\/04\\\/Huntrans-logo.jpg\",\"width\":414,\"height\":414,\"caption\":\"Huntrans Sprachservice\"},\"image\":{\"@id\":\"https:\\\/\\\/huntrans-ungarisch.com\\\/#\\\/schema\\\/logo\\\/image\\\/\"}}]}<\/script>\n<!-- \/ Yoast SEO plugin. -->","yoast_head_json":{"title":"Szolg\u00e1ltat\u00e1saink - Huntrans","description":"\u2022 Szerz\u0151d\u00e9sek \u2022 \u00c9ves besz\u00e1mol\u00f3k, m\u00e9rlegek \u2022 Haszn\u00e1lati utas\u00edt\u00e1sok, k\u00e9zik\u00f6nyvek \u2022 \u00dczleti \u00e9s mag\u00e1nlevelez\u00e9s, \u2022 Weblapok, rekl\u00e1manyagok\u00a0\u00a0\u2022 B\u00edr\u00f3s\u00e1gi iratok, rend\u0151rs\u00e9gi jegyz\u0151k\u00f6nyvek \u2022 T\u00e1rsadalombiztos\u00edt\u00e1si \u00e9s nyugd\u00edjiratok \u2022 Orvosi leletek \u00e9s szakv\u00e9lem\u00e9nyek \u2022 Zenet\u00f6rt\u00e9neti tanulm\u00e1nyok, hanglemez-kis\u00e9r\u0151anyagok","robots":{"index":"index","follow":"follow","max-snippet":"max-snippet:-1","max-image-preview":"max-image-preview:large","max-video-preview":"max-video-preview:-1"},"canonical":"https:\/\/huntrans-ungarisch.com\/de\/leistungen\/","og_locale":"de_DE","og_type":"article","og_title":"Szolg\u00e1ltat\u00e1saink - Huntrans","og_description":"\u2022 Szerz\u0151d\u00e9sek \u2022 \u00c9ves besz\u00e1mol\u00f3k, m\u00e9rlegek \u2022 Haszn\u00e1lati utas\u00edt\u00e1sok, k\u00e9zik\u00f6nyvek \u2022 \u00dczleti \u00e9s mag\u00e1nlevelez\u00e9s, \u2022 Weblapok, rekl\u00e1manyagok\u00a0\u00a0\u2022 B\u00edr\u00f3s\u00e1gi iratok, rend\u0151rs\u00e9gi jegyz\u0151k\u00f6nyvek \u2022 T\u00e1rsadalombiztos\u00edt\u00e1si \u00e9s nyugd\u00edjiratok \u2022 Orvosi leletek \u00e9s szakv\u00e9lem\u00e9nyek \u2022 Zenet\u00f6rt\u00e9neti tanulm\u00e1nyok, hanglemez-kis\u00e9r\u0151anyagok","og_url":"https:\/\/huntrans-ungarisch.com\/de\/leistungen\/","og_site_name":"Huntrans","article_modified_time":"2024-04-10T13:51:04+00:00","og_image":[{"url":"https:\/\/huntrans-ungarisch.com\/wp-content\/uploads\/2024\/04\/Szakforditas.jpg","type":"","width":"","height":""}],"twitter_card":"summary_large_image","twitter_misc":{"Gesch\u00e4tzte Lesezeit":"1\u00a0Minute"},"schema":{"@context":"https:\/\/schema.org","@graph":[{"@type":"WebPage","@id":"https:\/\/huntrans-ungarisch.com\/szolgaltatasaink\/","url":"https:\/\/huntrans-ungarisch.com\/szolgaltatasaink\/","name":"Szolg\u00e1ltat\u00e1saink - Huntrans","isPartOf":{"@id":"https:\/\/huntrans-ungarisch.com\/#website"},"primaryImageOfPage":{"@id":"https:\/\/huntrans-ungarisch.com\/szolgaltatasaink\/#primaryimage"},"image":{"@id":"https:\/\/huntrans-ungarisch.com\/szolgaltatasaink\/#primaryimage"},"thumbnailUrl":"https:\/\/huntrans-ungarisch.com\/wp-content\/uploads\/2024\/04\/Szakforditas.jpg","datePublished":"2024-04-04T12:04:40+00:00","dateModified":"2024-04-10T13:51:04+00:00","description":"\u2022 Szerz\u0151d\u00e9sek \u2022 \u00c9ves besz\u00e1mol\u00f3k, m\u00e9rlegek \u2022 Haszn\u00e1lati utas\u00edt\u00e1sok, k\u00e9zik\u00f6nyvek \u2022 \u00dczleti \u00e9s mag\u00e1nlevelez\u00e9s, \u2022 Weblapok, rekl\u00e1manyagok\u00a0\u00a0\u2022 B\u00edr\u00f3s\u00e1gi iratok, rend\u0151rs\u00e9gi jegyz\u0151k\u00f6nyvek \u2022 T\u00e1rsadalombiztos\u00edt\u00e1si \u00e9s nyugd\u00edjiratok \u2022 Orvosi leletek \u00e9s szakv\u00e9lem\u00e9nyek \u2022 Zenet\u00f6rt\u00e9neti tanulm\u00e1nyok, hanglemez-kis\u00e9r\u0151anyagok","breadcrumb":{"@id":"https:\/\/huntrans-ungarisch.com\/szolgaltatasaink\/#breadcrumb"},"inLanguage":"de","potentialAction":[{"@type":"ReadAction","target":["https:\/\/huntrans-ungarisch.com\/szolgaltatasaink\/"]}]},{"@type":"ImageObject","inLanguage":"de","@id":"https:\/\/huntrans-ungarisch.com\/szolgaltatasaink\/#primaryimage","url":"https:\/\/huntrans-ungarisch.com\/wp-content\/uploads\/2024\/04\/Szakforditas.jpg","contentUrl":"https:\/\/huntrans-ungarisch.com\/wp-content\/uploads\/2024\/04\/Szakforditas.jpg"},{"@type":"BreadcrumbList","@id":"https:\/\/huntrans-ungarisch.com\/szolgaltatasaink\/#breadcrumb","itemListElement":[{"@type":"ListItem","position":1,"name":"Kezd\u0151lap","item":"https:\/\/huntrans-ungarisch.com\/"},{"@type":"ListItem","position":2,"name":"Szolg\u00e1ltat\u00e1saink"}]},{"@type":"WebSite","@id":"https:\/\/huntrans-ungarisch.com\/#website","url":"https:\/\/huntrans-ungarisch.com\/","name":"Huntrans","description":"Sprachenservice Ungarisch - Deutsch \/ magyar - n\u00e9met - magyar ford\u00edt\u00f3-tolm\u00e1cs","publisher":{"@id":"https:\/\/huntrans-ungarisch.com\/#organization"},"potentialAction":[{"@type":"SearchAction","target":{"@type":"EntryPoint","urlTemplate":"https:\/\/huntrans-ungarisch.com\/?s={search_term_string}"},"query-input":{"@type":"PropertyValueSpecification","valueRequired":true,"valueName":"search_term_string"}}],"inLanguage":"de"},{"@type":"Organization","@id":"https:\/\/huntrans-ungarisch.com\/#organization","name":"Huntrans Sprachservice","url":"https:\/\/huntrans-ungarisch.com\/","logo":{"@type":"ImageObject","inLanguage":"de","@id":"https:\/\/huntrans-ungarisch.com\/#\/schema\/logo\/image\/","url":"https:\/\/huntrans-ungarisch.com\/wp-content\/uploads\/2024\/04\/Huntrans-logo.jpg","contentUrl":"https:\/\/huntrans-ungarisch.com\/wp-content\/uploads\/2024\/04\/Huntrans-logo.jpg","width":414,"height":414,"caption":"Huntrans Sprachservice"},"image":{"@id":"https:\/\/huntrans-ungarisch.com\/#\/schema\/logo\/image\/"}}]}},"_links":{"self":[{"href":"https:\/\/huntrans-ungarisch.com\/de\/wp-json\/wp\/v2\/pages\/277","targetHints":{"allow":["GET"]}}],"collection":[{"href":"https:\/\/huntrans-ungarisch.com\/de\/wp-json\/wp\/v2\/pages"}],"about":[{"href":"https:\/\/huntrans-ungarisch.com\/de\/wp-json\/wp\/v2\/types\/page"}],"author":[{"embeddable":true,"href":"https:\/\/huntrans-ungarisch.com\/de\/wp-json\/wp\/v2\/users\/1"}],"replies":[{"embeddable":true,"href":"https:\/\/huntrans-ungarisch.com\/de\/wp-json\/wp\/v2\/comments?post=277"}],"version-history":[{"count":0,"href":"https:\/\/huntrans-ungarisch.com\/de\/wp-json\/wp\/v2\/pages\/277\/revisions"}],"wp:attachment":[{"href":"https:\/\/huntrans-ungarisch.com\/de\/wp-json\/wp\/v2\/media?parent=277"}],"curies":[{"name":"wp","href":"https:\/\/api.w.org\/{rel}","templated":true}]}}